{"id":3127,"date":"2025-06-05T16:03:51","date_gmt":"2025-06-05T22:03:51","guid":{"rendered":"https:\/\/maromaria.com\/?product=kit-papa-con-estilo"},"modified":"2025-06-05T16:05:39","modified_gmt":"2025-06-05T22:05:39","slug":"kit-papa-con-estilo","status":"publish","type":"product","link":"https:\/\/maromaria.com\/?product=kit-papa-con-estilo","title":{"rendered":"Kit Pap\u00e1 Con Estilo"},"content":{"rendered":"","protected":false},"excerpt":{"rendered":"<p>El KIT INCLUYE<\/p>\n<p>\u25cbToalla facial<\/p>\n<p>\u25cbJab\u00f3n s\u00f3lido para barba 100grs<\/p>\n<p>\u25cbCera para bigote 50grs<\/p>\n<p>\u25cbJab\u00f3n s\u00f3lido de carb\u00f3n activado 65grs<\/p>\n<p>\u25cbEsponja vegetal luffa<\/p>\n<p>\u25cbMist aromatizante natural 10ml<\/p>\n<p>\u25cbJabonera de madera natural<\/p>\n<p>\u25cbPeine de bamb\u00fa para cabello<\/p>\n","protected":false},"featured_media":3123,"comment_status":"open","ping_status":"closed","template":"","meta":{"om_disable_all_campaigns":false,"_monsterinsights_skip_tracking":false,"_monsterinsights_sitenote_active":false,"_monsterinsights_sitenote_note":"","_monsterinsights_sitenote_category":0},"product_brand":[],"product_cat":[53],"product_tag":[],"class_list":{"0":"post-3127","1":"product","2":"type-product","3":"status-publish","4":"has-post-thumbnail","6":"product_cat-kit","8":"first","9":"instock","10":"taxable","11":"shipping-taxable","12":"purchasable","13":"product-type-simple","14":"layout-style-5","15":"col-md-4 col-sm-4 col-xs-6","16":"col-lg-3","17":"product-style-addtocart"},"aioseo_notices":[],"jetpack_sharing_enabled":true,"_links":{"self":[{"href":"https:\/\/maromaria.com\/index.php?rest_route=\/wp\/v2\/product\/3127","targetHints":{"allow":["GET"]}}],"collection":[{"href":"https:\/\/maromaria.com\/index.php?rest_route=\/wp\/v2\/product"}],"about":[{"href":"https:\/\/maromaria.com\/index.php?rest_route=\/wp\/v2\/types\/product"}],"replies":[{"embeddable":true,"href":"https:\/\/maromaria.com\/index.php?rest_route=%2Fwp%2Fv2%2Fcomments&post=3127"}],"wp:featuredmedia":[{"embeddable":true,"href":"https:\/\/maromaria.com\/index.php?rest_route=\/wp\/v2\/media\/3123"}],"wp:attachment":[{"href":"https:\/\/maromaria.com\/index.php?rest_route=%2Fwp%2Fv2%2Fmedia&parent=3127"}],"wp:term":[{"taxonomy":"product_brand","embeddable":true,"href":"https:\/\/maromaria.com\/index.php?rest_route=%2Fwp%2Fv2%2Fproduct_brand&post=3127"},{"taxonomy":"product_cat","embeddable":true,"href":"https:\/\/maromaria.com\/index.php?rest_route=%2Fwp%2Fv2%2Fproduct_cat&post=3127"},{"taxonomy":"product_tag","embeddable":true,"href":"https:\/\/maromaria.com\/index.php?rest_route=%2Fwp%2Fv2%2Fproduct_tag&post=3127"}],"curies":[{"name":"wp","href":"https:\/\/api.w.org\/{rel}","templated":true}]}}