{"id":3126,"date":"2025-06-05T15:56:58","date_gmt":"2025-06-05T21:56:58","guid":{"rendered":"https:\/\/maromaria.com\/?product=kit-fuerza-artesanal"},"modified":"2025-06-05T16:05:16","modified_gmt":"2025-06-05T22:05:16","slug":"kit-fuerza-artesanal","status":"publish","type":"product","link":"https:\/\/maromaria.com\/?product=kit-fuerza-artesanal","title":{"rendered":"Kit Fuerza Artesanal"},"content":{"rendered":"","protected":false},"excerpt":{"rendered":"<p>EL KIT INCLUYE<\/p>\n<p>\u25cbJab\u00f3n s\u00f3lido carb\u00f3n activado 65grs<\/p>\n<p>\u25cbJab\u00f3n s\u00f3lido para barba 85grs<\/p>\n<p>\u25cbCera para bigote 50grs<\/p>\n<p>\u25cbCepillo de dientes (Bamb\u00fa)<\/p>\n<p>\u25cbEsponja vegetal (Luffa)<\/p>\n<p>\u25cbMist aromatizante natural 10ml<\/p>\n<p>\u25cbCepillo de bamb\u00fa para el cabello<\/p>\n","protected":false},"featured_media":3124,"comment_status":"open","ping_status":"closed","template":"","meta":{"om_disable_all_campaigns":false,"_monsterinsights_skip_tracking":false,"_monsterinsights_sitenote_active":false,"_monsterinsights_sitenote_note":"","_monsterinsights_sitenote_category":0},"product_brand":[],"product_cat":[53],"product_tag":[],"class_list":{"0":"post-3126","1":"product","2":"type-product","3":"status-publish","4":"has-post-thumbnail","6":"product_cat-kit","8":"first","9":"instock","10":"taxable","11":"shipping-taxable","12":"purchasable","13":"product-type-simple","14":"layout-style-5","15":"col-md-4 col-sm-4 col-xs-6","16":"col-lg-3","17":"product-style-addtocart"},"aioseo_notices":[],"jetpack_sharing_enabled":true,"_links":{"self":[{"href":"https:\/\/maromaria.com\/index.php?rest_route=\/wp\/v2\/product\/3126","targetHints":{"allow":["GET"]}}],"collection":[{"href":"https:\/\/maromaria.com\/index.php?rest_route=\/wp\/v2\/product"}],"about":[{"href":"https:\/\/maromaria.com\/index.php?rest_route=\/wp\/v2\/types\/product"}],"replies":[{"embeddable":true,"href":"https:\/\/maromaria.com\/index.php?rest_route=%2Fwp%2Fv2%2Fcomments&post=3126"}],"wp:featuredmedia":[{"embeddable":true,"href":"https:\/\/maromaria.com\/index.php?rest_route=\/wp\/v2\/media\/3124"}],"wp:attachment":[{"href":"https:\/\/maromaria.com\/index.php?rest_route=%2Fwp%2Fv2%2Fmedia&parent=3126"}],"wp:term":[{"taxonomy":"product_brand","embeddable":true,"href":"https:\/\/maromaria.com\/index.php?rest_route=%2Fwp%2Fv2%2Fproduct_brand&post=3126"},{"taxonomy":"product_cat","embeddable":true,"href":"https:\/\/maromaria.com\/index.php?rest_route=%2Fwp%2Fv2%2Fproduct_cat&post=3126"},{"taxonomy":"product_tag","embeddable":true,"href":"https:\/\/maromaria.com\/index.php?rest_route=%2Fwp%2Fv2%2Fproduct_tag&post=3126"}],"curies":[{"name":"wp","href":"https:\/\/api.w.org\/{rel}","templated":true}]}}