{"id":3113,"date":"2025-05-05T17:31:15","date_gmt":"2025-05-05T23:31:15","guid":{"rendered":"https:\/\/maromaria.com\/?product=kit-eco-amor-de-mama"},"modified":"2025-05-11T00:05:12","modified_gmt":"2025-05-11T06:05:12","slug":"kit-eco-amor-de-mama","status":"publish","type":"product","link":"https:\/\/maromaria.com\/?product=kit-eco-amor-de-mama","title":{"rendered":"Kit Eco-Amor De Mam\u00e1"},"content":{"rendered":"","protected":false},"excerpt":{"rendered":"<p>El kit incluye<\/p>\n<p>*Bolsa de sisal para Jab\u00f3n<\/p>\n<p>*Jab\u00f3n s\u00f3lido \u00edntimo<\/p>\n<p>*Shampoo de germen de trigo<\/p>\n<p>*Jab\u00f3n con luffa y c\u00farcuma<\/p>\n<p>*Jab\u00f3n de avena<\/p>\n<p>*B\u00e1lsamo labial<\/p>\n<p>*Mini mist aromatizante-Manzana y canela<\/p>\n","protected":false},"featured_media":3116,"comment_status":"open","ping_status":"closed","template":"","meta":{"om_disable_all_campaigns":false,"_monsterinsights_skip_tracking":false,"_monsterinsights_sitenote_active":false,"_monsterinsights_sitenote_note":"","_monsterinsights_sitenote_category":0},"product_brand":[],"product_cat":[53],"product_tag":[],"class_list":{"0":"post-3113","1":"product","2":"type-product","3":"status-publish","4":"has-post-thumbnail","6":"product_cat-kit","8":"first","9":"instock","10":"taxable","11":"shipping-taxable","12":"purchasable","13":"product-type-simple","14":"layout-style-5","15":"col-md-4 col-sm-4 col-xs-6","16":"col-lg-3","17":"product-style-addtocart"},"aioseo_notices":[],"jetpack_sharing_enabled":true,"_links":{"self":[{"href":"https:\/\/maromaria.com\/index.php?rest_route=\/wp\/v2\/product\/3113","targetHints":{"allow":["GET"]}}],"collection":[{"href":"https:\/\/maromaria.com\/index.php?rest_route=\/wp\/v2\/product"}],"about":[{"href":"https:\/\/maromaria.com\/index.php?rest_route=\/wp\/v2\/types\/product"}],"replies":[{"embeddable":true,"href":"https:\/\/maromaria.com\/index.php?rest_route=%2Fwp%2Fv2%2Fcomments&post=3113"}],"wp:featuredmedia":[{"embeddable":true,"href":"https:\/\/maromaria.com\/index.php?rest_route=\/wp\/v2\/media\/3116"}],"wp:attachment":[{"href":"https:\/\/maromaria.com\/index.php?rest_route=%2Fwp%2Fv2%2Fmedia&parent=3113"}],"wp:term":[{"taxonomy":"product_brand","embeddable":true,"href":"https:\/\/maromaria.com\/index.php?rest_route=%2Fwp%2Fv2%2Fproduct_brand&post=3113"},{"taxonomy":"product_cat","embeddable":true,"href":"https:\/\/maromaria.com\/index.php?rest_route=%2Fwp%2Fv2%2Fproduct_cat&post=3113"},{"taxonomy":"product_tag","embeddable":true,"href":"https:\/\/maromaria.com\/index.php?rest_route=%2Fwp%2Fv2%2Fproduct_tag&post=3113"}],"curies":[{"name":"wp","href":"https:\/\/api.w.org\/{rel}","templated":true}]}}