{"id":3087,"date":"2025-02-13T13:37:32","date_gmt":"2025-02-13T19:37:32","guid":{"rendered":"https:\/\/maromaria.com\/?product=cepillo-de-bambu-para-el-cabello-chico-1pza"},"modified":"2025-02-13T13:38:36","modified_gmt":"2025-02-13T19:38:36","slug":"cepillo-de-bambu-para-el-cabello-chico-1pza","status":"publish","type":"product","link":"https:\/\/maromaria.com\/?product=cepillo-de-bambu-para-el-cabello-chico-1pza","title":{"rendered":"Cepillo De Madera Para El Cabello\/ Chico 1pza"},"content":{"rendered":"","protected":false},"excerpt":{"rendered":"<p>Mini peine para el cabello, perfecto para ni\u00f1os y viajes.<\/p>\n<p>Gracias a su dise\u00f1o permite desenredar el cabello de forma f\u00e1cil y sin jalones, adem\u00e1s disminuye la ca\u00edda a la hora de cepillar, lo que lo hace perfecto para cualquier tipo de cabello.<\/p>\n<p>Medida 14 x 6 CM<\/p>\n","protected":false},"featured_media":0,"comment_status":"open","ping_status":"closed","template":"","meta":{"om_disable_all_campaigns":false,"_monsterinsights_skip_tracking":false,"_monsterinsights_sitenote_active":false,"_monsterinsights_sitenote_note":"","_monsterinsights_sitenote_category":0},"product_brand":[],"product_cat":[15],"product_tag":[],"class_list":{"0":"post-3087","1":"product","2":"type-product","3":"status-publish","5":"product_cat-accesorios","7":"first","8":"instock","9":"taxable","10":"shipping-taxable","11":"purchasable","12":"product-type-simple","13":"layout-style-5","14":"col-md-4 col-sm-4 col-xs-6","15":"col-lg-3","16":"product-style-addtocart"},"aioseo_notices":[],"jetpack_sharing_enabled":true,"_links":{"self":[{"href":"https:\/\/maromaria.com\/index.php?rest_route=\/wp\/v2\/product\/3087","targetHints":{"allow":["GET"]}}],"collection":[{"href":"https:\/\/maromaria.com\/index.php?rest_route=\/wp\/v2\/product"}],"about":[{"href":"https:\/\/maromaria.com\/index.php?rest_route=\/wp\/v2\/types\/product"}],"replies":[{"embeddable":true,"href":"https:\/\/maromaria.com\/index.php?rest_route=%2Fwp%2Fv2%2Fcomments&post=3087"}],"wp:attachment":[{"href":"https:\/\/maromaria.com\/index.php?rest_route=%2Fwp%2Fv2%2Fmedia&parent=3087"}],"wp:term":[{"taxonomy":"product_brand","embeddable":true,"href":"https:\/\/maromaria.com\/index.php?rest_route=%2Fwp%2Fv2%2Fproduct_brand&post=3087"},{"taxonomy":"product_cat","embeddable":true,"href":"https:\/\/maromaria.com\/index.php?rest_route=%2Fwp%2Fv2%2Fproduct_cat&post=3087"},{"taxonomy":"product_tag","embeddable":true,"href":"https:\/\/maromaria.com\/index.php?rest_route=%2Fwp%2Fv2%2Fproduct_tag&post=3087"}],"curies":[{"name":"wp","href":"https:\/\/api.w.org\/{rel}","templated":true}]}}