{"id":3086,"date":"2025-02-13T13:20:17","date_gmt":"2025-02-13T19:20:17","guid":{"rendered":"https:\/\/maromaria.com\/?product=bolsa-de-malla-para-jabon-solido"},"modified":"2025-04-03T15:54:39","modified_gmt":"2025-04-03T21:54:39","slug":"bolsa-de-malla-para-jabon-solido","status":"publish","type":"product","link":"https:\/\/maromaria.com\/?product=bolsa-de-malla-para-jabon-solido","title":{"rendered":"Bolsa De Malla Para Jab\u00f3n S\u00f3lido 1pza"},"content":{"rendered":"","protected":false},"excerpt":{"rendered":"<p>Bolsa de malla para jab\u00f3n s\u00f3lido, lo que ayuda a exfoliar gentilmente la piel del cuerpo sin lastimar.<\/p>\n<p>Al momento de usarla elimina celulas muertas, impurezas, y suciedad.<\/p>\n<p>Adem\u00e1s por su dise\u00f1o, no permite dejar pedazos de jab\u00f3n sin usar y durar\u00e1 por m\u00e1s tiempo.<\/p>\n<p>Medida 13.5 cm x 8.5cm<\/p>\n","protected":false},"featured_media":3103,"comment_status":"open","ping_status":"closed","template":"","meta":{"om_disable_all_campaigns":false,"_monsterinsights_skip_tracking":false,"_monsterinsights_sitenote_active":false,"_monsterinsights_sitenote_note":"","_monsterinsights_sitenote_category":0},"product_brand":[],"product_cat":[15],"product_tag":[],"class_list":{"0":"post-3086","1":"product","2":"type-product","3":"status-publish","4":"has-post-thumbnail","6":"product_cat-accesorios","8":"first","9":"instock","10":"taxable","11":"shipping-taxable","12":"purchasable","13":"product-type-simple","14":"layout-style-5","15":"col-md-4 col-sm-4 col-xs-6","16":"col-lg-3","17":"product-style-addtocart"},"aioseo_notices":[],"jetpack_sharing_enabled":true,"_links":{"self":[{"href":"https:\/\/maromaria.com\/index.php?rest_route=\/wp\/v2\/product\/3086","targetHints":{"allow":["GET"]}}],"collection":[{"href":"https:\/\/maromaria.com\/index.php?rest_route=\/wp\/v2\/product"}],"about":[{"href":"https:\/\/maromaria.com\/index.php?rest_route=\/wp\/v2\/types\/product"}],"replies":[{"embeddable":true,"href":"https:\/\/maromaria.com\/index.php?rest_route=%2Fwp%2Fv2%2Fcomments&post=3086"}],"wp:featuredmedia":[{"embeddable":true,"href":"https:\/\/maromaria.com\/index.php?rest_route=\/wp\/v2\/media\/3103"}],"wp:attachment":[{"href":"https:\/\/maromaria.com\/index.php?rest_route=%2Fwp%2Fv2%2Fmedia&parent=3086"}],"wp:term":[{"taxonomy":"product_brand","embeddable":true,"href":"https:\/\/maromaria.com\/index.php?rest_route=%2Fwp%2Fv2%2Fproduct_brand&post=3086"},{"taxonomy":"product_cat","embeddable":true,"href":"https:\/\/maromaria.com\/index.php?rest_route=%2Fwp%2Fv2%2Fproduct_cat&post=3086"},{"taxonomy":"product_tag","embeddable":true,"href":"https:\/\/maromaria.com\/index.php?rest_route=%2Fwp%2Fv2%2Fproduct_tag&post=3086"}],"curies":[{"name":"wp","href":"https:\/\/api.w.org\/{rel}","templated":true}]}}