{"id":3084,"date":"2025-02-13T12:00:53","date_gmt":"2025-02-13T18:00:53","guid":{"rendered":"https:\/\/maromaria.com\/?product=porta-vasos-de-ratan-6pzas"},"modified":"2025-04-01T15:07:14","modified_gmt":"2025-04-01T21:07:14","slug":"porta-vasos-de-ratan-6pzas","status":"publish","type":"product","link":"https:\/\/maromaria.com\/?product=porta-vasos-de-ratan-6pzas","title":{"rendered":"Porta Vasos De Rat\u00e1n 6pzas"},"content":{"rendered":"<p>Este conjunto incluye 6 portavasos tejidos a mano con 8 cm de di\u00e1metro.<\/p>\n<p>Son perfectos para sostener casi todas las tazas y vasos evitando el deslizamiento y manchas sobre sus muebles.<\/p>\n<p>Los portavasos est\u00e1n hechos de rat\u00e1n de oto\u00f1o salvaje.<\/p>\n","protected":false},"excerpt":{"rendered":"<p>Este conjunto incluye 6 portavasos tejidos a mano de 8 cm de di\u00e1metro.<\/p>\n<p>Son perfectos para sostener casi todas las tazas y vasos evitando el deslizamiento y manchas sobre sus muebles.<\/p>\n<p>Los portavasos est\u00e1n hechos de rat\u00e1n de oto\u00f1o salvaje.<\/p>\n","protected":false},"featured_media":3099,"comment_status":"open","ping_status":"closed","template":"","meta":{"om_disable_all_campaigns":false,"_monsterinsights_skip_tracking":false,"_monsterinsights_sitenote_active":false,"_monsterinsights_sitenote_note":"","_monsterinsights_sitenote_category":0},"product_brand":[],"product_cat":[15],"product_tag":[],"class_list":{"0":"post-3084","1":"product","2":"type-product","3":"status-publish","4":"has-post-thumbnail","6":"product_cat-accesorios","8":"first","9":"instock","10":"taxable","11":"shipping-taxable","12":"purchasable","13":"product-type-simple","14":"layout-style-5","15":"col-md-4 col-sm-4 col-xs-6","16":"col-lg-3","17":"product-style-addtocart"},"aioseo_notices":[],"jetpack_sharing_enabled":true,"_links":{"self":[{"href":"https:\/\/maromaria.com\/index.php?rest_route=\/wp\/v2\/product\/3084","targetHints":{"allow":["GET"]}}],"collection":[{"href":"https:\/\/maromaria.com\/index.php?rest_route=\/wp\/v2\/product"}],"about":[{"href":"https:\/\/maromaria.com\/index.php?rest_route=\/wp\/v2\/types\/product"}],"replies":[{"embeddable":true,"href":"https:\/\/maromaria.com\/index.php?rest_route=%2Fwp%2Fv2%2Fcomments&post=3084"}],"wp:featuredmedia":[{"embeddable":true,"href":"https:\/\/maromaria.com\/index.php?rest_route=\/wp\/v2\/media\/3099"}],"wp:attachment":[{"href":"https:\/\/maromaria.com\/index.php?rest_route=%2Fwp%2Fv2%2Fmedia&parent=3084"}],"wp:term":[{"taxonomy":"product_brand","embeddable":true,"href":"https:\/\/maromaria.com\/index.php?rest_route=%2Fwp%2Fv2%2Fproduct_brand&post=3084"},{"taxonomy":"product_cat","embeddable":true,"href":"https:\/\/maromaria.com\/index.php?rest_route=%2Fwp%2Fv2%2Fproduct_cat&post=3084"},{"taxonomy":"product_tag","embeddable":true,"href":"https:\/\/maromaria.com\/index.php?rest_route=%2Fwp%2Fv2%2Fproduct_tag&post=3084"}],"curies":[{"name":"wp","href":"https:\/\/api.w.org\/{rel}","templated":true}]}}