{"id":3050,"date":"2023-05-04T13:41:32","date_gmt":"2023-05-04T19:41:32","guid":{"rendered":"https:\/\/maromaria.com\/?product=luffa-esponja-vegetal-1pza"},"modified":"2024-05-05T00:01:16","modified_gmt":"2024-05-05T06:01:16","slug":"luffa-esponja-vegetal-1pza","status":"publish","type":"product","link":"https:\/\/maromaria.com\/?product=luffa-esponja-vegetal-1pza","title":{"rendered":"Luffa Esponja Vegetal 1pza"},"content":{"rendered":"","protected":false},"excerpt":{"rendered":"<p>Esponja 100% natural y biodegradable.<\/p>\n<p>Es perfecta para la hora del ba\u00f1o ya que proporciona una sensaci\u00f3n de limpieza profunda, adem\u00e1s de exfoliar nuestra piel al mismo tiempo, retirando c\u00e9lulas muertas e impurezas.<\/p>\n<p>Beneficios:<\/p>\n<p>*Limpia la piel a profundidad<\/p>\n<p>*Exfolia y regenera de forma natural<\/p>\n<p>*Elimina y previene c\u00e9lulas muertas e impurezas<\/p>\n<p>*Estimula la circulaci\u00f3n<\/p>\n<p>*Previene el vello enquistado<\/p>\n<p>No s\u00f3lo podr\u00e1s usarla en tu piel, ya que tambi\u00e9n es perfecta para el cuidado y limpieza del hogar. <\/p>\n<p>Opta por una limpieza conciente y sostenible.<\/p>\n<p>Modo de uso: Humedece la esponja con agua y aplica el jab\u00f3n de tu preferencia, frota con tus manos para crear espuma y pasa por todo tu cuerpo o \u00e1rea. Al finalizar deja que se seque en un lugar ventilado y fresco.<\/p>\n<p>Precauciones: No aplicar en pieles sensibles o con alergias. No pasar sobre cortadas o heridas. No uso recomendable en ni\u00f1os.<\/p>\n","protected":false},"featured_media":3031,"comment_status":"open","ping_status":"closed","template":"","meta":{"om_disable_all_campaigns":false,"_monsterinsights_skip_tracking":false,"_monsterinsights_sitenote_active":false,"_monsterinsights_sitenote_note":"","_monsterinsights_sitenote_category":0},"product_brand":[],"product_cat":[15],"product_tag":[],"class_list":{"0":"post-3050","1":"product","2":"type-product","3":"status-publish","4":"has-post-thumbnail","6":"product_cat-accesorios","8":"first","9":"instock","10":"taxable","11":"shipping-taxable","12":"purchasable","13":"product-type-simple","14":"layout-style-5","15":"col-md-4 col-sm-4 col-xs-6","16":"col-lg-3","17":"product-style-addtocart"},"aioseo_notices":[],"jetpack_sharing_enabled":true,"_links":{"self":[{"href":"https:\/\/maromaria.com\/index.php?rest_route=\/wp\/v2\/product\/3050","targetHints":{"allow":["GET"]}}],"collection":[{"href":"https:\/\/maromaria.com\/index.php?rest_route=\/wp\/v2\/product"}],"about":[{"href":"https:\/\/maromaria.com\/index.php?rest_route=\/wp\/v2\/types\/product"}],"replies":[{"embeddable":true,"href":"https:\/\/maromaria.com\/index.php?rest_route=%2Fwp%2Fv2%2Fcomments&post=3050"}],"wp:featuredmedia":[{"embeddable":true,"href":"https:\/\/maromaria.com\/index.php?rest_route=\/wp\/v2\/media\/3031"}],"wp:attachment":[{"href":"https:\/\/maromaria.com\/index.php?rest_route=%2Fwp%2Fv2%2Fmedia&parent=3050"}],"wp:term":[{"taxonomy":"product_brand","embeddable":true,"href":"https:\/\/maromaria.com\/index.php?rest_route=%2Fwp%2Fv2%2Fproduct_brand&post=3050"},{"taxonomy":"product_cat","embeddable":true,"href":"https:\/\/maromaria.com\/index.php?rest_route=%2Fwp%2Fv2%2Fproduct_cat&post=3050"},{"taxonomy":"product_tag","embeddable":true,"href":"https:\/\/maromaria.com\/index.php?rest_route=%2Fwp%2Fv2%2Fproduct_tag&post=3050"}],"curies":[{"name":"wp","href":"https:\/\/api.w.org\/{rel}","templated":true}]}}