{"id":3049,"date":"2023-05-04T13:36:19","date_gmt":"2023-05-04T19:36:19","guid":{"rendered":"https:\/\/maromaria.com\/?product=mist-vigorizante"},"modified":"2023-10-28T21:32:32","modified_gmt":"2023-10-29T03:32:32","slug":"mist-vigorizante","status":"publish","type":"product","link":"https:\/\/maromaria.com\/?product=mist-vigorizante","title":{"rendered":"Mist Vigorizante Aroma Canela Y Clavo 250ml"},"content":{"rendered":"","protected":false},"excerpt":{"rendered":"<p>A\u00f1ade en tu dia a dia la aromaterapia con aceites esenciales para ayudarte a tener momentos tranquilos y agradables.<br \/>\nBeneficios:<br \/>\n*Mejora las energ\u00edas en el ambiente<br \/>\n*Promueve la relajaci\u00f3n, as\u00ed como sensaci\u00f3n de bienestar y tranquilidad<br \/>\n*Mejora el equilibrio mental y emocional<br \/>\n*Se considera afrodis\u00edaco y estimulante<br \/>\n*Ayuda revigorizado el sistema nervioso<br \/>\n*Mejora la concentraci\u00f3n<br \/>\nModo de uso:<br \/>\nAgitar el envase antes de usar. Aplicarlo en forma de spray en el ambiente, ropa de cama, o cualquier objeto o tela de su agrado. Puede aplicarlo cuantas veces lo considere necesario.<br \/>\nPrecauciones: No ingerir. No aplicar en cara y ojos. No exponerlo al sol. No aplicar directo sobre la piel.<\/p>\n","protected":false},"featured_media":3023,"comment_status":"open","ping_status":"closed","template":"","meta":{"om_disable_all_campaigns":false,"_monsterinsights_skip_tracking":false,"_monsterinsights_sitenote_active":false,"_monsterinsights_sitenote_note":"","_monsterinsights_sitenote_category":0},"product_brand":[],"product_cat":[54],"product_tag":[],"class_list":{"0":"post-3049","1":"product","2":"type-product","3":"status-publish","4":"has-post-thumbnail","6":"product_cat-aromaterapia","8":"first","9":"instock","10":"taxable","11":"shipping-taxable","12":"purchasable","13":"product-type-simple","14":"layout-style-5","15":"col-md-4 col-sm-4 col-xs-6","16":"col-lg-3","17":"product-style-addtocart"},"aioseo_notices":[],"jetpack_sharing_enabled":true,"_links":{"self":[{"href":"https:\/\/maromaria.com\/index.php?rest_route=\/wp\/v2\/product\/3049","targetHints":{"allow":["GET"]}}],"collection":[{"href":"https:\/\/maromaria.com\/index.php?rest_route=\/wp\/v2\/product"}],"about":[{"href":"https:\/\/maromaria.com\/index.php?rest_route=\/wp\/v2\/types\/product"}],"replies":[{"embeddable":true,"href":"https:\/\/maromaria.com\/index.php?rest_route=%2Fwp%2Fv2%2Fcomments&post=3049"}],"wp:featuredmedia":[{"embeddable":true,"href":"https:\/\/maromaria.com\/index.php?rest_route=\/wp\/v2\/media\/3023"}],"wp:attachment":[{"href":"https:\/\/maromaria.com\/index.php?rest_route=%2Fwp%2Fv2%2Fmedia&parent=3049"}],"wp:term":[{"taxonomy":"product_brand","embeddable":true,"href":"https:\/\/maromaria.com\/index.php?rest_route=%2Fwp%2Fv2%2Fproduct_brand&post=3049"},{"taxonomy":"product_cat","embeddable":true,"href":"https:\/\/maromaria.com\/index.php?rest_route=%2Fwp%2Fv2%2Fproduct_cat&post=3049"},{"taxonomy":"product_tag","embeddable":true,"href":"https:\/\/maromaria.com\/index.php?rest_route=%2Fwp%2Fv2%2Fproduct_tag&post=3049"}],"curies":[{"name":"wp","href":"https:\/\/api.w.org\/{rel}","templated":true}]}}