{"id":3035,"date":"2023-05-04T12:17:24","date_gmt":"2023-05-04T18:17:24","guid":{"rendered":"https:\/\/maromaria.com\/?product=rodillo-de-jade-1pza"},"modified":"2024-05-05T00:01:16","modified_gmt":"2024-05-05T06:01:16","slug":"rodillo-de-jade-1pza","status":"publish","type":"product","link":"https:\/\/maromaria.com\/?product=rodillo-de-jade-1pza","title":{"rendered":"Rodillo De Cuarzo 1pza"},"content":{"rendered":"","protected":false},"excerpt":{"rendered":"<p>Excelente en auxiliar en el cuidado de la piel, aplicando un peque\u00f1o masaje.<br \/>\nBeneficios:<br \/>\n*Mejora la circulaci\u00f3n sangu\u00ednea.<br \/>\n*Mejora la elasticidad de la piel.<br \/>\n*Promueve el drenaje linf\u00e1tico.<br \/>\n*Reduce la hinchaz\u00f3n, arrugas y l\u00edneas de expresi\u00f3n.<br \/>\n*Relaja.<br \/>\n*Elimina toxinas.<br \/>\n*Reduce la oscuridad debajo de los c\u00edrculos oculares.<br \/>\nModo de uso: Sobre la piel limpia aplicar el rodillo haciendo un masaje en forma de lisajes, y aplicarlo en cara, cuello y escote. Tambi\u00e9n se puede guardar en el refrigerador y luego dar el masaje. Despu\u00e9s del masaje se puede aplicar suero y crema hidratante.<\/p>\n","protected":false},"featured_media":3029,"comment_status":"open","ping_status":"closed","template":"","meta":{"om_disable_all_campaigns":false,"_monsterinsights_skip_tracking":false,"_monsterinsights_sitenote_active":false,"_monsterinsights_sitenote_note":"","_monsterinsights_sitenote_category":0},"product_brand":[],"product_cat":[49],"product_tag":[],"class_list":{"0":"post-3035","1":"product","2":"type-product","3":"status-publish","4":"has-post-thumbnail","6":"product_cat-facial","8":"first","9":"instock","10":"taxable","11":"shipping-taxable","12":"purchasable","13":"product-type-simple","14":"layout-style-5","15":"col-md-4 col-sm-4 col-xs-6","16":"col-lg-3","17":"product-style-addtocart"},"aioseo_notices":[],"jetpack_sharing_enabled":true,"_links":{"self":[{"href":"https:\/\/maromaria.com\/index.php?rest_route=\/wp\/v2\/product\/3035","targetHints":{"allow":["GET"]}}],"collection":[{"href":"https:\/\/maromaria.com\/index.php?rest_route=\/wp\/v2\/product"}],"about":[{"href":"https:\/\/maromaria.com\/index.php?rest_route=\/wp\/v2\/types\/product"}],"replies":[{"embeddable":true,"href":"https:\/\/maromaria.com\/index.php?rest_route=%2Fwp%2Fv2%2Fcomments&post=3035"}],"wp:featuredmedia":[{"embeddable":true,"href":"https:\/\/maromaria.com\/index.php?rest_route=\/wp\/v2\/media\/3029"}],"wp:attachment":[{"href":"https:\/\/maromaria.com\/index.php?rest_route=%2Fwp%2Fv2%2Fmedia&parent=3035"}],"wp:term":[{"taxonomy":"product_brand","embeddable":true,"href":"https:\/\/maromaria.com\/index.php?rest_route=%2Fwp%2Fv2%2Fproduct_brand&post=3035"},{"taxonomy":"product_cat","embeddable":true,"href":"https:\/\/maromaria.com\/index.php?rest_route=%2Fwp%2Fv2%2Fproduct_cat&post=3035"},{"taxonomy":"product_tag","embeddable":true,"href":"https:\/\/maromaria.com\/index.php?rest_route=%2Fwp%2Fv2%2Fproduct_tag&post=3035"}],"curies":[{"name":"wp","href":"https:\/\/api.w.org\/{rel}","templated":true}]}}