{"id":3012,"date":"2023-05-02T18:37:25","date_gmt":"2023-05-03T00:37:25","guid":{"rendered":"https:\/\/maromaria.com\/?product=shampoo-solido-de-bergamota"},"modified":"2023-11-27T17:18:04","modified_gmt":"2023-11-27T23:18:04","slug":"shampoo-solido-de-bergamota","status":"publish","type":"product","link":"https:\/\/maromaria.com\/?product=shampoo-solido-de-bergamota","title":{"rendered":"Shampoo S\u00f3lido De Bergamota 100grs"},"content":{"rendered":"","protected":false},"excerpt":{"rendered":"<p>Hecho de forma artesanal y con ingredientes naturales, los s\u00f3lidos son una perfecta alternativa para cuidar y limpiar tu cabello, ya que no contienen ingredientes da\u00f1inos, son zero waste, cruelty free y aportan incre\u00edbles beneficios.<\/p>\n<p>Beneficios:<\/p>\n<p>*Limpia el cabello a profundidad<\/p>\n<p>*Promueve el crecimiento del cabello<\/p>\n<p>*Previene la ca\u00edda<\/p>\n<p>*Ayuda a regular el exceso de grasa del cuero cabelludo<\/p>\n<p>*Nutre y repara el cabello<\/p>\n<p>Modo de uso: Con las manos limpias, frotar el shampoo y aplicar la espuma sobre el cabello h\u00famedo en masajes circulares, luego enjuagar con abundante agua.<\/p>\n","protected":false},"featured_media":3032,"comment_status":"open","ping_status":"closed","template":"","meta":{"om_disable_all_campaigns":false,"_monsterinsights_skip_tracking":false,"_monsterinsights_sitenote_active":false,"_monsterinsights_sitenote_note":"","_monsterinsights_sitenote_category":0},"product_brand":[],"product_cat":[48],"product_tag":[],"class_list":{"0":"post-3012","1":"product","2":"type-product","3":"status-publish","4":"has-post-thumbnail","6":"product_cat-capilar","8":"first","9":"instock","10":"taxable","11":"shipping-taxable","12":"purchasable","13":"product-type-simple","14":"layout-style-5","15":"col-md-4 col-sm-4 col-xs-6","16":"col-lg-3","17":"product-style-addtocart"},"aioseo_notices":[],"jetpack_sharing_enabled":true,"_links":{"self":[{"href":"https:\/\/maromaria.com\/index.php?rest_route=\/wp\/v2\/product\/3012","targetHints":{"allow":["GET"]}}],"collection":[{"href":"https:\/\/maromaria.com\/index.php?rest_route=\/wp\/v2\/product"}],"about":[{"href":"https:\/\/maromaria.com\/index.php?rest_route=\/wp\/v2\/types\/product"}],"replies":[{"embeddable":true,"href":"https:\/\/maromaria.com\/index.php?rest_route=%2Fwp%2Fv2%2Fcomments&post=3012"}],"wp:featuredmedia":[{"embeddable":true,"href":"https:\/\/maromaria.com\/index.php?rest_route=\/wp\/v2\/media\/3032"}],"wp:attachment":[{"href":"https:\/\/maromaria.com\/index.php?rest_route=%2Fwp%2Fv2%2Fmedia&parent=3012"}],"wp:term":[{"taxonomy":"product_brand","embeddable":true,"href":"https:\/\/maromaria.com\/index.php?rest_route=%2Fwp%2Fv2%2Fproduct_brand&post=3012"},{"taxonomy":"product_cat","embeddable":true,"href":"https:\/\/maromaria.com\/index.php?rest_route=%2Fwp%2Fv2%2Fproduct_cat&post=3012"},{"taxonomy":"product_tag","embeddable":true,"href":"https:\/\/maromaria.com\/index.php?rest_route=%2Fwp%2Fv2%2Fproduct_tag&post=3012"}],"curies":[{"name":"wp","href":"https:\/\/api.w.org\/{rel}","templated":true}]}}