{"id":2869,"date":"2022-10-12T20:47:08","date_gmt":"2022-10-13T02:47:08","guid":{"rendered":"https:\/\/maromaria.com\/?post_type=product&#038;p=2869"},"modified":"2023-08-13T19:49:23","modified_gmt":"2023-08-14T01:49:23","slug":"shampoo-solido-pepino-100grs","status":"publish","type":"product","link":"https:\/\/maromaria.com\/?product=shampoo-solido-pepino-100grs","title":{"rendered":"Shampoo S\u00f3lido Pepino 100grs"},"content":{"rendered":"","protected":false},"excerpt":{"rendered":"<p>Hecho de forma artesanal y con ingredientes naturales, los s\u00f3lidos son una perfecta alternativa para cuidar y limpiar tu cabello, ya que no contienen ingredientes da\u00f1inos, son zero waste, cruelty free y aportan incre\u00edbles beneficios.<\/p>\n<p>Beneficios:<\/p>\n<p>*Limpia a profundidad y purifica el cuero cabelludo<\/p>\n<p>*Fortalece y evita la ca\u00edda<\/p>\n<p>*Mantiene el cabello limpio por m\u00e1s tiempo<\/p>\n<p>*Evita el frizz y encrespamiento<\/p>\n<p>*Promueve el crecimiento del cabello<\/p>\n<p>*Hidrata, suaviza y aporta brillo<\/p>\n<p>Modo de uso: Con las manos limpias, frotar el shampoo y aplicar la espuma sobre el cabello h\u00famedo en masajes circulares, luego enjuagar con abundante agua.Evita el frizz y encrespamiento<\/p>\n","protected":false},"featured_media":2879,"comment_status":"open","ping_status":"closed","template":"","meta":{"om_disable_all_campaigns":false,"_monsterinsights_skip_tracking":false,"_monsterinsights_sitenote_active":false,"_monsterinsights_sitenote_note":"","_monsterinsights_sitenote_category":0},"product_brand":[],"product_cat":[48],"product_tag":[],"class_list":{"0":"post-2869","1":"product","2":"type-product","3":"status-publish","4":"has-post-thumbnail","6":"product_cat-capilar","8":"first","9":"instock","10":"taxable","11":"shipping-taxable","12":"purchasable","13":"product-type-simple","14":"layout-style-5","15":"col-md-4 col-sm-4 col-xs-6","16":"col-lg-3","17":"product-style-addtocart"},"aioseo_notices":[],"jetpack_sharing_enabled":true,"_links":{"self":[{"href":"https:\/\/maromaria.com\/index.php?rest_route=\/wp\/v2\/product\/2869","targetHints":{"allow":["GET"]}}],"collection":[{"href":"https:\/\/maromaria.com\/index.php?rest_route=\/wp\/v2\/product"}],"about":[{"href":"https:\/\/maromaria.com\/index.php?rest_route=\/wp\/v2\/types\/product"}],"replies":[{"embeddable":true,"href":"https:\/\/maromaria.com\/index.php?rest_route=%2Fwp%2Fv2%2Fcomments&post=2869"}],"wp:featuredmedia":[{"embeddable":true,"href":"https:\/\/maromaria.com\/index.php?rest_route=\/wp\/v2\/media\/2879"}],"wp:attachment":[{"href":"https:\/\/maromaria.com\/index.php?rest_route=%2Fwp%2Fv2%2Fmedia&parent=2869"}],"wp:term":[{"taxonomy":"product_brand","embeddable":true,"href":"https:\/\/maromaria.com\/index.php?rest_route=%2Fwp%2Fv2%2Fproduct_brand&post=2869"},{"taxonomy":"product_cat","embeddable":true,"href":"https:\/\/maromaria.com\/index.php?rest_route=%2Fwp%2Fv2%2Fproduct_cat&post=2869"},{"taxonomy":"product_tag","embeddable":true,"href":"https:\/\/maromaria.com\/index.php?rest_route=%2Fwp%2Fv2%2Fproduct_tag&post=2869"}],"curies":[{"name":"wp","href":"https:\/\/api.w.org\/{rel}","templated":true}]}}