{"id":2866,"date":"2022-10-12T20:39:06","date_gmt":"2022-10-13T02:39:06","guid":{"rendered":"https:\/\/maromaria.com\/?post_type=product&#038;p=2866"},"modified":"2023-08-13T19:37:21","modified_gmt":"2023-08-14T01:37:21","slug":"shampoo-solido-carbon-activado-100grs","status":"publish","type":"product","link":"https:\/\/maromaria.com\/?product=shampoo-solido-carbon-activado-100grs","title":{"rendered":"Shampoo S\u00f3lido Carb\u00f3n Activado 100grs"},"content":{"rendered":"","protected":false},"excerpt":{"rendered":"<p>Hecho de forma artesanal y con ingredientes naturales, los s\u00f3lidos son una perfecta alternativa para cuidar y limpiar tu cabello, ya que no contienen ingredientes da\u00f1inos, son zero waste, cruelty free y aportan incre\u00edbles beneficios.<\/p>\n<p>Beneficios:<br \/>\n*Remueve suciedad e impurezas<br \/>\n*Elimina caspa<br \/>\n*Reduce la grasa excesiva del cuero cabelludo<br \/>\n*Remueve acumulacion de productos<br \/>\n*Purifica y desintoxica<\/p>\n<p>Modo de uso: Con las manos limpias, frotar el shampoo y aplicar la espuma sobre el cabello h\u00famedo en masajes circulares, luego enjuagar con abundante agua.<\/p>\n","protected":false},"featured_media":2880,"comment_status":"open","ping_status":"closed","template":"","meta":{"om_disable_all_campaigns":false,"_monsterinsights_skip_tracking":false,"_monsterinsights_sitenote_active":false,"_monsterinsights_sitenote_note":"","_monsterinsights_sitenote_category":0},"product_brand":[],"product_cat":[48],"product_tag":[],"class_list":{"0":"post-2866","1":"product","2":"type-product","3":"status-publish","4":"has-post-thumbnail","6":"product_cat-capilar","8":"first","9":"instock","10":"taxable","11":"shipping-taxable","12":"purchasable","13":"product-type-simple","14":"layout-style-5","15":"col-md-4 col-sm-4 col-xs-6","16":"col-lg-3","17":"product-style-addtocart"},"aioseo_notices":[],"jetpack_sharing_enabled":true,"_links":{"self":[{"href":"https:\/\/maromaria.com\/index.php?rest_route=\/wp\/v2\/product\/2866","targetHints":{"allow":["GET"]}}],"collection":[{"href":"https:\/\/maromaria.com\/index.php?rest_route=\/wp\/v2\/product"}],"about":[{"href":"https:\/\/maromaria.com\/index.php?rest_route=\/wp\/v2\/types\/product"}],"replies":[{"embeddable":true,"href":"https:\/\/maromaria.com\/index.php?rest_route=%2Fwp%2Fv2%2Fcomments&post=2866"}],"wp:featuredmedia":[{"embeddable":true,"href":"https:\/\/maromaria.com\/index.php?rest_route=\/wp\/v2\/media\/2880"}],"wp:attachment":[{"href":"https:\/\/maromaria.com\/index.php?rest_route=%2Fwp%2Fv2%2Fmedia&parent=2866"}],"wp:term":[{"taxonomy":"product_brand","embeddable":true,"href":"https:\/\/maromaria.com\/index.php?rest_route=%2Fwp%2Fv2%2Fproduct_brand&post=2866"},{"taxonomy":"product_cat","embeddable":true,"href":"https:\/\/maromaria.com\/index.php?rest_route=%2Fwp%2Fv2%2Fproduct_cat&post=2866"},{"taxonomy":"product_tag","embeddable":true,"href":"https:\/\/maromaria.com\/index.php?rest_route=%2Fwp%2Fv2%2Fproduct_tag&post=2866"}],"curies":[{"name":"wp","href":"https:\/\/api.w.org\/{rel}","templated":true}]}}