{"id":2865,"date":"2022-10-12T20:37:52","date_gmt":"2022-10-13T02:37:52","guid":{"rendered":"https:\/\/maromaria.com\/?post_type=product&#038;p=2865"},"modified":"2024-06-11T13:08:36","modified_gmt":"2024-06-11T19:08:36","slug":"shampoo-solido-avena-100grs","status":"publish","type":"product","link":"https:\/\/maromaria.com\/?product=shampoo-solido-avena-100grs","title":{"rendered":"Shampoo S\u00f3lido Avena 100grs"},"content":{"rendered":"","protected":false},"excerpt":{"rendered":"<p>Hecho de forma artesanal y con ingredientes naturales, los s\u00f3lidos son una perfecta alternativa para cuidar y limpiar tu cabello, ya que no contienen ingredientes da\u00f1inos, son zero waste, cruelty free y aportan incre\u00edbles beneficios.<\/p>\n<p>Beneficios:<\/p>\n<p>*Ideal para todo tipo de cabello<\/p>\n<p>*Fortalece y repara desde la ra\u00edz<\/p>\n<p>*Hidrata y nutre intensamente<\/p>\n<p>*Aporta brillo y suavidad<\/p>\n<p>*Calma la irritaci\u00f3n del cuero cabelludo<\/p>\n<p>*Favorece el crecimiento del cabello de manera saludable<\/p>\n<p>Modo de uso: Con las manos limpias, frotar el shampoo y aplicar la espuma sobre el cabello h\u00famedo en masajes circulares, luego enjuagar con abundante agua.<\/p>\n","protected":false},"featured_media":2876,"comment_status":"open","ping_status":"closed","template":"","meta":{"om_disable_all_campaigns":false,"_monsterinsights_skip_tracking":false,"_monsterinsights_sitenote_active":false,"_monsterinsights_sitenote_note":"","_monsterinsights_sitenote_category":0},"product_brand":[],"product_cat":[48],"product_tag":[],"class_list":{"0":"post-2865","1":"product","2":"type-product","3":"status-publish","4":"has-post-thumbnail","6":"product_cat-capilar","8":"first","9":"outofstock","10":"taxable","11":"shipping-taxable","12":"purchasable","13":"product-type-simple","14":"layout-style-5","15":"col-md-4 col-sm-4 col-xs-6","16":"col-lg-3","17":"product-style-addtocart"},"aioseo_notices":[],"jetpack_sharing_enabled":true,"_links":{"self":[{"href":"https:\/\/maromaria.com\/index.php?rest_route=\/wp\/v2\/product\/2865","targetHints":{"allow":["GET"]}}],"collection":[{"href":"https:\/\/maromaria.com\/index.php?rest_route=\/wp\/v2\/product"}],"about":[{"href":"https:\/\/maromaria.com\/index.php?rest_route=\/wp\/v2\/types\/product"}],"replies":[{"embeddable":true,"href":"https:\/\/maromaria.com\/index.php?rest_route=%2Fwp%2Fv2%2Fcomments&post=2865"}],"wp:featuredmedia":[{"embeddable":true,"href":"https:\/\/maromaria.com\/index.php?rest_route=\/wp\/v2\/media\/2876"}],"wp:attachment":[{"href":"https:\/\/maromaria.com\/index.php?rest_route=%2Fwp%2Fv2%2Fmedia&parent=2865"}],"wp:term":[{"taxonomy":"product_brand","embeddable":true,"href":"https:\/\/maromaria.com\/index.php?rest_route=%2Fwp%2Fv2%2Fproduct_brand&post=2865"},{"taxonomy":"product_cat","embeddable":true,"href":"https:\/\/maromaria.com\/index.php?rest_route=%2Fwp%2Fv2%2Fproduct_cat&post=2865"},{"taxonomy":"product_tag","embeddable":true,"href":"https:\/\/maromaria.com\/index.php?rest_route=%2Fwp%2Fv2%2Fproduct_tag&post=2865"}],"curies":[{"name":"wp","href":"https:\/\/api.w.org\/{rel}","templated":true}]}}