{"id":2863,"date":"2022-10-12T20:33:19","date_gmt":"2022-10-13T02:33:19","guid":{"rendered":"https:\/\/maromaria.com\/?post_type=product&#038;p=2863"},"modified":"2024-05-05T00:01:16","modified_gmt":"2024-05-05T06:01:16","slug":"jabon-solido-rosa-mosqueta-85grs","status":"publish","type":"product","link":"https:\/\/maromaria.com\/?product=jabon-solido-rosa-mosqueta-85grs","title":{"rendered":"Jab\u00f3n S\u00f3lido Rosa Mosqueta 85grs"},"content":{"rendered":"","protected":false},"excerpt":{"rendered":"<p>Hecho con ingredientes naturales, biodegradable, libre de crueldad animal y sin ingredintes toxicos, lo hace perfecto para el cuidado y limpieza de la piel.<\/p>\n<p>Beneficios:<br \/>\n*Ayuda a prevenir y atenuar cicatrices<br \/>\n*Hidrata a profundidad<br \/>\n*Regenera y revitaliza la piel<br \/>\n*Efecto antioxidante<br \/>\n*Aten\u00faa arrugas y l\u00edneas de expresi\u00f3n<\/p>\n<p>Modo de uso: Sobre la piel h\u00fameda, frotar suavemente en forma circular, luego enjuagar con abundante agua.<\/p>\n","protected":false},"featured_media":2883,"comment_status":"open","ping_status":"closed","template":"","meta":{"om_disable_all_campaigns":false,"_monsterinsights_skip_tracking":false,"_monsterinsights_sitenote_active":false,"_monsterinsights_sitenote_note":"","_monsterinsights_sitenote_category":0},"product_brand":[],"product_cat":[49],"product_tag":[],"class_list":{"0":"post-2863","1":"product","2":"type-product","3":"status-publish","4":"has-post-thumbnail","6":"product_cat-facial","8":"first","9":"instock","10":"taxable","11":"shipping-taxable","12":"purchasable","13":"product-type-simple","14":"layout-style-5","15":"col-md-4 col-sm-4 col-xs-6","16":"col-lg-3","17":"product-style-addtocart"},"aioseo_notices":[],"jetpack_sharing_enabled":true,"_links":{"self":[{"href":"https:\/\/maromaria.com\/index.php?rest_route=\/wp\/v2\/product\/2863","targetHints":{"allow":["GET"]}}],"collection":[{"href":"https:\/\/maromaria.com\/index.php?rest_route=\/wp\/v2\/product"}],"about":[{"href":"https:\/\/maromaria.com\/index.php?rest_route=\/wp\/v2\/types\/product"}],"replies":[{"embeddable":true,"href":"https:\/\/maromaria.com\/index.php?rest_route=%2Fwp%2Fv2%2Fcomments&post=2863"}],"wp:featuredmedia":[{"embeddable":true,"href":"https:\/\/maromaria.com\/index.php?rest_route=\/wp\/v2\/media\/2883"}],"wp:attachment":[{"href":"https:\/\/maromaria.com\/index.php?rest_route=%2Fwp%2Fv2%2Fmedia&parent=2863"}],"wp:term":[{"taxonomy":"product_brand","embeddable":true,"href":"https:\/\/maromaria.com\/index.php?rest_route=%2Fwp%2Fv2%2Fproduct_brand&post=2863"},{"taxonomy":"product_cat","embeddable":true,"href":"https:\/\/maromaria.com\/index.php?rest_route=%2Fwp%2Fv2%2Fproduct_cat&post=2863"},{"taxonomy":"product_tag","embeddable":true,"href":"https:\/\/maromaria.com\/index.php?rest_route=%2Fwp%2Fv2%2Fproduct_tag&post=2863"}],"curies":[{"name":"wp","href":"https:\/\/api.w.org\/{rel}","templated":true}]}}