{"id":2862,"date":"2022-10-12T20:30:43","date_gmt":"2022-10-13T02:30:43","guid":{"rendered":"https:\/\/maromaria.com\/?post_type=product&#038;p=2862"},"modified":"2025-06-06T16:25:29","modified_gmt":"2025-06-06T22:25:29","slug":"jabon-solido-carbon-activado-65grs","status":"publish","type":"product","link":"https:\/\/maromaria.com\/?product=jabon-solido-carbon-activado-65grs","title":{"rendered":"Jab\u00f3n S\u00f3lido Carb\u00f3n Activado 65grs"},"content":{"rendered":"","protected":false},"excerpt":{"rendered":"<p>Hecho con ingredientes naturales, biodegradable, libre de crueldad animal y sin ingredintes toxicos, lo hace perfecto para el cuidado y limpieza de la piel.<\/p>\n<p>Beneficios:<br \/>\n*Limpia a profundidad<br \/>\n*Desintoxicante y purificante<br \/>\n*Controla exceso de grasa en la piel<br \/>\n*Afina los poros<br \/>\n*Controla el acn\u00e9<br \/>\n*Aten\u00faa manchas en la piel<\/p>\n<p>*Elimina malos olores<\/p>\n<p>Modo de uso: Sobre la piel h\u00fameda, frotar suavemente en forma circular, luego enjuagar con abundante agua.<\/p>\n","protected":false},"featured_media":2884,"comment_status":"open","ping_status":"closed","template":"","meta":{"om_disable_all_campaigns":false,"_monsterinsights_skip_tracking":false,"_monsterinsights_sitenote_active":false,"_monsterinsights_sitenote_note":"","_monsterinsights_sitenote_category":0},"product_brand":[],"product_cat":[50,49],"product_tag":[],"class_list":{"0":"post-2862","1":"product","2":"type-product","3":"status-publish","4":"has-post-thumbnail","6":"product_cat-corporal","7":"product_cat-facial","9":"first","10":"instock","11":"taxable","12":"shipping-taxable","13":"purchasable","14":"product-type-simple","15":"layout-style-5","16":"col-md-4 col-sm-4 col-xs-6","17":"col-lg-3","18":"product-style-addtocart"},"aioseo_notices":[],"jetpack_sharing_enabled":true,"_links":{"self":[{"href":"https:\/\/maromaria.com\/index.php?rest_route=\/wp\/v2\/product\/2862","targetHints":{"allow":["GET"]}}],"collection":[{"href":"https:\/\/maromaria.com\/index.php?rest_route=\/wp\/v2\/product"}],"about":[{"href":"https:\/\/maromaria.com\/index.php?rest_route=\/wp\/v2\/types\/product"}],"replies":[{"embeddable":true,"href":"https:\/\/maromaria.com\/index.php?rest_route=%2Fwp%2Fv2%2Fcomments&post=2862"}],"wp:featuredmedia":[{"embeddable":true,"href":"https:\/\/maromaria.com\/index.php?rest_route=\/wp\/v2\/media\/2884"}],"wp:attachment":[{"href":"https:\/\/maromaria.com\/index.php?rest_route=%2Fwp%2Fv2%2Fmedia&parent=2862"}],"wp:term":[{"taxonomy":"product_brand","embeddable":true,"href":"https:\/\/maromaria.com\/index.php?rest_route=%2Fwp%2Fv2%2Fproduct_brand&post=2862"},{"taxonomy":"product_cat","embeddable":true,"href":"https:\/\/maromaria.com\/index.php?rest_route=%2Fwp%2Fv2%2Fproduct_cat&post=2862"},{"taxonomy":"product_tag","embeddable":true,"href":"https:\/\/maromaria.com\/index.php?rest_route=%2Fwp%2Fv2%2Fproduct_tag&post=2862"}],"curies":[{"name":"wp","href":"https:\/\/api.w.org\/{rel}","templated":true}]}}