{"id":2860,"date":"2022-10-12T20:28:24","date_gmt":"2022-10-13T02:28:24","guid":{"rendered":"https:\/\/maromaria.com\/?post_type=product&#038;p=2860"},"modified":"2024-05-05T00:01:15","modified_gmt":"2024-05-05T06:01:15","slug":"jabon-de-luffa-arbol-de-te-100grs","status":"publish","type":"product","link":"https:\/\/maromaria.com\/?product=jabon-de-luffa-arbol-de-te-100grs","title":{"rendered":"Jab\u00f3n De Luffa \u00c1rbol De T\u00e9 100grs"},"content":{"rendered":"","protected":false},"excerpt":{"rendered":"<p>Jab\u00f3n natural con un extra de exfoliaci\u00f3n y limpieza gracias a su esponja natural, que ayudar\u00e1 a mantener una piel sana y limpia.<\/p>\n<p>Beneficios:<br \/>\n*Propiedades antis\u00e9pticas<br \/>\n*Ayuda a eliminar imperfecciones a la vez impide que se propague la infecci\u00f3n<br \/>\n*Bactericida y antimicrobiano<br \/>\n*Controla exceso de grasa y acn\u00e9<br \/>\n*Afina los poros<br \/>\n*Alivia irritaci\u00f3n y enrojecimiento<\/p>\n<p>Modo de uso: Con las manos limpias, humedecer el jab\u00f3n y frotar suavemente para crear espuma, luego hacer masajes circulares y enjuagar con abundante agua.<\/p>\n","protected":false},"featured_media":2889,"comment_status":"open","ping_status":"closed","template":"","meta":{"om_disable_all_campaigns":false,"_monsterinsights_skip_tracking":false,"_monsterinsights_sitenote_active":false,"_monsterinsights_sitenote_note":"","_monsterinsights_sitenote_category":0},"product_brand":[],"product_cat":[49],"product_tag":[],"class_list":{"0":"post-2860","1":"product","2":"type-product","3":"status-publish","4":"has-post-thumbnail","6":"product_cat-facial","8":"first","9":"instock","10":"taxable","11":"shipping-taxable","12":"purchasable","13":"product-type-simple","14":"layout-style-5","15":"col-md-4 col-sm-4 col-xs-6","16":"col-lg-3","17":"product-style-addtocart"},"aioseo_notices":[],"jetpack_sharing_enabled":true,"_links":{"self":[{"href":"https:\/\/maromaria.com\/index.php?rest_route=\/wp\/v2\/product\/2860","targetHints":{"allow":["GET"]}}],"collection":[{"href":"https:\/\/maromaria.com\/index.php?rest_route=\/wp\/v2\/product"}],"about":[{"href":"https:\/\/maromaria.com\/index.php?rest_route=\/wp\/v2\/types\/product"}],"replies":[{"embeddable":true,"href":"https:\/\/maromaria.com\/index.php?rest_route=%2Fwp%2Fv2%2Fcomments&post=2860"}],"wp:featuredmedia":[{"embeddable":true,"href":"https:\/\/maromaria.com\/index.php?rest_route=\/wp\/v2\/media\/2889"}],"wp:attachment":[{"href":"https:\/\/maromaria.com\/index.php?rest_route=%2Fwp%2Fv2%2Fmedia&parent=2860"}],"wp:term":[{"taxonomy":"product_brand","embeddable":true,"href":"https:\/\/maromaria.com\/index.php?rest_route=%2Fwp%2Fv2%2Fproduct_brand&post=2860"},{"taxonomy":"product_cat","embeddable":true,"href":"https:\/\/maromaria.com\/index.php?rest_route=%2Fwp%2Fv2%2Fproduct_cat&post=2860"},{"taxonomy":"product_tag","embeddable":true,"href":"https:\/\/maromaria.com\/index.php?rest_route=%2Fwp%2Fv2%2Fproduct_tag&post=2860"}],"curies":[{"name":"wp","href":"https:\/\/api.w.org\/{rel}","templated":true}]}}