{"id":2859,"date":"2022-10-12T20:25:55","date_gmt":"2022-10-13T02:25:55","guid":{"rendered":"https:\/\/maromaria.com\/?post_type=product&#038;p=2859"},"modified":"2024-05-05T00:01:15","modified_gmt":"2024-05-05T06:01:15","slug":"jabon-de-luffa-curcuma-100grs","status":"publish","type":"product","link":"https:\/\/maromaria.com\/?product=jabon-de-luffa-curcuma-100grs","title":{"rendered":"Jab\u00f3n De Luffa C\u00farcuma 100grs"},"content":{"rendered":"","protected":false},"excerpt":{"rendered":"<p>Jab\u00f3n natural con un extra de exfoliaci\u00f3n y limpieza gracias a su esponja natural, que ayudar\u00e1 a mantener una piel sana y limpia.<\/p>\n<p>Beneficios:<br \/>\n*Elimina c\u00e9lulas muertas e impurezas<br \/>\n*Tiene propiedades anti-inflamatoria<br \/>\n*Ideal para pieles at\u00f3picas, delicadas o con picores.<br \/>\n*Ayuda a atenuar manchas en la piel, producidas por el sol, quemaduras o marcas del acn\u00e9.<br \/>\n*Ideal para pieles grasas, secas o maduras.<br \/>\n*Puede ayudar a aligerar las estr\u00edas<\/p>\n<p>Modo de uso: Sobre la piel h\u00fameda, frotar suavemente en forma circular, luego enjuagar con abundante agua.<\/p>\n","protected":false},"featured_media":2888,"comment_status":"open","ping_status":"closed","template":"","meta":{"om_disable_all_campaigns":false,"_monsterinsights_skip_tracking":false,"_monsterinsights_sitenote_active":false,"_monsterinsights_sitenote_note":"","_monsterinsights_sitenote_category":0},"product_brand":[],"product_cat":[50,49],"product_tag":[],"class_list":{"0":"post-2859","1":"product","2":"type-product","3":"status-publish","4":"has-post-thumbnail","6":"product_cat-corporal","7":"product_cat-facial","9":"first","10":"instock","11":"taxable","12":"shipping-taxable","13":"purchasable","14":"product-type-simple","15":"layout-style-5","16":"col-md-4 col-sm-4 col-xs-6","17":"col-lg-3","18":"product-style-addtocart"},"aioseo_notices":[],"jetpack_sharing_enabled":true,"_links":{"self":[{"href":"https:\/\/maromaria.com\/index.php?rest_route=\/wp\/v2\/product\/2859","targetHints":{"allow":["GET"]}}],"collection":[{"href":"https:\/\/maromaria.com\/index.php?rest_route=\/wp\/v2\/product"}],"about":[{"href":"https:\/\/maromaria.com\/index.php?rest_route=\/wp\/v2\/types\/product"}],"replies":[{"embeddable":true,"href":"https:\/\/maromaria.com\/index.php?rest_route=%2Fwp%2Fv2%2Fcomments&post=2859"}],"wp:featuredmedia":[{"embeddable":true,"href":"https:\/\/maromaria.com\/index.php?rest_route=\/wp\/v2\/media\/2888"}],"wp:attachment":[{"href":"https:\/\/maromaria.com\/index.php?rest_route=%2Fwp%2Fv2%2Fmedia&parent=2859"}],"wp:term":[{"taxonomy":"product_brand","embeddable":true,"href":"https:\/\/maromaria.com\/index.php?rest_route=%2Fwp%2Fv2%2Fproduct_brand&post=2859"},{"taxonomy":"product_cat","embeddable":true,"href":"https:\/\/maromaria.com\/index.php?rest_route=%2Fwp%2Fv2%2Fproduct_cat&post=2859"},{"taxonomy":"product_tag","embeddable":true,"href":"https:\/\/maromaria.com\/index.php?rest_route=%2Fwp%2Fv2%2Fproduct_tag&post=2859"}],"curies":[{"name":"wp","href":"https:\/\/api.w.org\/{rel}","templated":true}]}}