{"id":2783,"date":"2022-09-16T17:03:43","date_gmt":"2022-09-16T23:03:43","guid":{"rendered":"https:\/\/maromaria.com\/?post_type=product&#038;p=2783"},"modified":"2024-05-05T00:01:16","modified_gmt":"2024-05-05T06:01:16","slug":"mascarilla-de-arcilla-con-extracto-de-citricos-120grs","status":"publish","type":"product","link":"https:\/\/maromaria.com\/?product=mascarilla-de-arcilla-con-extracto-de-citricos-120grs","title":{"rendered":"Mascarilla de Arcilla con Extracto de C\u00edtricos 130grs"},"content":{"rendered":"","protected":false},"excerpt":{"rendered":"<p>Las mascarillas de arcilla en combinaci\u00f3n con extracto de c\u00edtricos le dar\u00e1 a tu piel una sensaci\u00f3n de limpieza e hidrataci\u00f3n, te har\u00e1 lucir una piel m\u00e1s nutrida, luminosa y joven.<\/p>\n<p>Beneficios:<\/p>\n<p>*Cotrola el exceso de grasa e impurezas<\/p>\n<p>*Reduce el tama\u00f1o de los poros<\/p>\n<p>*Unifica el tono y reduce manchas<\/p>\n<p>*Reduce l\u00edneas finas de expresi\u00f3n y arrugas<\/p>\n<p>*Hidrata e ilumina el rostro<\/p>\n<p>*Retarda el envejecimiento prematuro de la piel<\/p>\n<p>Modo de uso:<\/p>\n<p>Sobre la piel limpia, aplica la mascarilla sobre el rostro, deja actuar durante 20-30 minutos, posteriormente enjuaga con agua tibia.<\/p>\n","protected":false},"featured_media":2993,"comment_status":"open","ping_status":"closed","template":"","meta":{"om_disable_all_campaigns":false,"_monsterinsights_skip_tracking":false,"_monsterinsights_sitenote_active":false,"_monsterinsights_sitenote_note":"","_monsterinsights_sitenote_category":0},"product_brand":[],"product_cat":[49],"product_tag":[],"class_list":{"0":"post-2783","1":"product","2":"type-product","3":"status-publish","4":"has-post-thumbnail","6":"product_cat-facial","8":"first","9":"instock","10":"taxable","11":"shipping-taxable","12":"purchasable","13":"product-type-simple","14":"layout-style-5","15":"col-md-4 col-sm-4 col-xs-6","16":"col-lg-3","17":"product-style-addtocart"},"aioseo_notices":[],"jetpack_sharing_enabled":true,"_links":{"self":[{"href":"https:\/\/maromaria.com\/index.php?rest_route=\/wp\/v2\/product\/2783","targetHints":{"allow":["GET"]}}],"collection":[{"href":"https:\/\/maromaria.com\/index.php?rest_route=\/wp\/v2\/product"}],"about":[{"href":"https:\/\/maromaria.com\/index.php?rest_route=\/wp\/v2\/types\/product"}],"replies":[{"embeddable":true,"href":"https:\/\/maromaria.com\/index.php?rest_route=%2Fwp%2Fv2%2Fcomments&post=2783"}],"wp:featuredmedia":[{"embeddable":true,"href":"https:\/\/maromaria.com\/index.php?rest_route=\/wp\/v2\/media\/2993"}],"wp:attachment":[{"href":"https:\/\/maromaria.com\/index.php?rest_route=%2Fwp%2Fv2%2Fmedia&parent=2783"}],"wp:term":[{"taxonomy":"product_brand","embeddable":true,"href":"https:\/\/maromaria.com\/index.php?rest_route=%2Fwp%2Fv2%2Fproduct_brand&post=2783"},{"taxonomy":"product_cat","embeddable":true,"href":"https:\/\/maromaria.com\/index.php?rest_route=%2Fwp%2Fv2%2Fproduct_cat&post=2783"},{"taxonomy":"product_tag","embeddable":true,"href":"https:\/\/maromaria.com\/index.php?rest_route=%2Fwp%2Fv2%2Fproduct_tag&post=2783"}],"curies":[{"name":"wp","href":"https:\/\/api.w.org\/{rel}","templated":true}]}}