{"id":2762,"date":"2022-09-16T17:03:38","date_gmt":"2022-09-16T23:03:38","guid":{"rendered":"https:\/\/maromaria.com\/?post_type=product&#038;p=2762"},"modified":"2024-06-30T00:43:19","modified_gmt":"2024-06-30T06:43:19","slug":"crema-facial-de-noche-con-acido-hialuronico-50ml","status":"publish","type":"product","link":"https:\/\/maromaria.com\/?product=crema-facial-de-noche-con-acido-hialuronico-50ml","title":{"rendered":"Crema Facial de Noche con \u00c1cido Hialur\u00f3nico 50ml"},"content":{"rendered":"","protected":false},"excerpt":{"rendered":"<p>Enriquecida con \u00e1cido hialur\u00f3nico, para darle una hidrataci\u00f3n intensa a la piel, durante la noche.<\/p>\n<p>Beneficios:<\/p>\n<p>*Hidrata intensamente<\/p>\n<p>*Aporta suavidad y luminosidad a la piel<\/p>\n<p>*Retarda los signos del envejecimiento<\/p>\n<p>*Mejora la firmeza y elasticidad<\/p>\n<p>*Revitaliza y aten\u00faa l\u00edneas de expresi\u00f3n<\/p>\n<p>Modo de uso: Aplicar sobre la piel del rostro, dando suaves masajes hasta su absorci\u00f3n.<\/p>\n","protected":false},"featured_media":2682,"comment_status":"open","ping_status":"closed","template":"","meta":{"om_disable_all_campaigns":false,"_monsterinsights_skip_tracking":false,"_monsterinsights_sitenote_active":false,"_monsterinsights_sitenote_note":"","_monsterinsights_sitenote_category":0},"product_brand":[],"product_cat":[49],"product_tag":[],"class_list":{"0":"post-2762","1":"product","2":"type-product","3":"status-publish","4":"has-post-thumbnail","6":"product_cat-facial","8":"first","9":"instock","10":"taxable","11":"shipping-taxable","12":"purchasable","13":"product-type-simple","14":"layout-style-5","15":"col-md-4 col-sm-4 col-xs-6","16":"col-lg-3","17":"product-style-addtocart"},"aioseo_notices":[],"jetpack_sharing_enabled":true,"_links":{"self":[{"href":"https:\/\/maromaria.com\/index.php?rest_route=\/wp\/v2\/product\/2762","targetHints":{"allow":["GET"]}}],"collection":[{"href":"https:\/\/maromaria.com\/index.php?rest_route=\/wp\/v2\/product"}],"about":[{"href":"https:\/\/maromaria.com\/index.php?rest_route=\/wp\/v2\/types\/product"}],"replies":[{"embeddable":true,"href":"https:\/\/maromaria.com\/index.php?rest_route=%2Fwp%2Fv2%2Fcomments&post=2762"}],"wp:featuredmedia":[{"embeddable":true,"href":"https:\/\/maromaria.com\/index.php?rest_route=\/wp\/v2\/media\/2682"}],"wp:attachment":[{"href":"https:\/\/maromaria.com\/index.php?rest_route=%2Fwp%2Fv2%2Fmedia&parent=2762"}],"wp:term":[{"taxonomy":"product_brand","embeddable":true,"href":"https:\/\/maromaria.com\/index.php?rest_route=%2Fwp%2Fv2%2Fproduct_brand&post=2762"},{"taxonomy":"product_cat","embeddable":true,"href":"https:\/\/maromaria.com\/index.php?rest_route=%2Fwp%2Fv2%2Fproduct_cat&post=2762"},{"taxonomy":"product_tag","embeddable":true,"href":"https:\/\/maromaria.com\/index.php?rest_route=%2Fwp%2Fv2%2Fproduct_tag&post=2762"}],"curies":[{"name":"wp","href":"https:\/\/api.w.org\/{rel}","templated":true}]}}