{"id":2753,"date":"2022-09-16T17:03:37","date_gmt":"2022-09-16T23:03:37","guid":{"rendered":"https:\/\/maromaria.com\/?post_type=product&#038;p=2753"},"modified":"2025-01-30T16:30:52","modified_gmt":"2025-01-30T22:30:52","slug":"acondicionador-prevencion-caida-bergamota-250ml","status":"publish","type":"product","link":"https:\/\/maromaria.com\/?product=acondicionador-prevencion-caida-bergamota-250ml","title":{"rendered":"Acondicionador Prevenci\u00f3n Ca\u00edda 250ml"},"content":{"rendered":"","protected":false},"excerpt":{"rendered":"<p>Mantiene el cabello sano, suave y manejable<\/p>\n<p>Beneficios:<\/p>\n<p>*Mantiene el cabello hidratado y suave<\/p>\n<p>*Propiedades antis\u00e9pticas<\/p>\n<p>*Evita el frizz y facilita el peinado<\/p>\n<p>*Aporta brillo y manejabilidad<\/p>\n<p>*Evita la ca\u00edda y repar\u00e1 el cabello da\u00f1ado<\/p>\n<p>*Ayuda al crecimiento saludable<\/p>\n<p>Modo de uso:<\/p>\n<p>Aplicar sobre el cabello h\u00famedo, despu\u00e9s de enjuagado el shampoo, de medios a puntas y retirar con abundante agua.<\/p>\n","protected":false},"featured_media":3063,"comment_status":"open","ping_status":"closed","template":"","meta":{"om_disable_all_campaigns":false,"_monsterinsights_skip_tracking":false,"_monsterinsights_sitenote_active":false,"_monsterinsights_sitenote_note":"","_monsterinsights_sitenote_category":0},"product_brand":[],"product_cat":[48],"product_tag":[],"class_list":{"0":"post-2753","1":"product","2":"type-product","3":"status-publish","4":"has-post-thumbnail","6":"product_cat-capilar","8":"first","9":"instock","10":"taxable","11":"shipping-taxable","12":"purchasable","13":"product-type-simple","14":"layout-style-5","15":"col-md-4 col-sm-4 col-xs-6","16":"col-lg-3","17":"product-style-addtocart"},"aioseo_notices":[],"jetpack_sharing_enabled":true,"_links":{"self":[{"href":"https:\/\/maromaria.com\/index.php?rest_route=\/wp\/v2\/product\/2753","targetHints":{"allow":["GET"]}}],"collection":[{"href":"https:\/\/maromaria.com\/index.php?rest_route=\/wp\/v2\/product"}],"about":[{"href":"https:\/\/maromaria.com\/index.php?rest_route=\/wp\/v2\/types\/product"}],"replies":[{"embeddable":true,"href":"https:\/\/maromaria.com\/index.php?rest_route=%2Fwp%2Fv2%2Fcomments&post=2753"}],"wp:featuredmedia":[{"embeddable":true,"href":"https:\/\/maromaria.com\/index.php?rest_route=\/wp\/v2\/media\/3063"}],"wp:attachment":[{"href":"https:\/\/maromaria.com\/index.php?rest_route=%2Fwp%2Fv2%2Fmedia&parent=2753"}],"wp:term":[{"taxonomy":"product_brand","embeddable":true,"href":"https:\/\/maromaria.com\/index.php?rest_route=%2Fwp%2Fv2%2Fproduct_brand&post=2753"},{"taxonomy":"product_cat","embeddable":true,"href":"https:\/\/maromaria.com\/index.php?rest_route=%2Fwp%2Fv2%2Fproduct_cat&post=2753"},{"taxonomy":"product_tag","embeddable":true,"href":"https:\/\/maromaria.com\/index.php?rest_route=%2Fwp%2Fv2%2Fproduct_tag&post=2753"}],"curies":[{"name":"wp","href":"https:\/\/api.w.org\/{rel}","templated":true}]}}