{"id":2955,"date":"2022-11-21T18:06:12","date_gmt":"2022-11-22T00:06:12","guid":{"rendered":"https:\/\/maromaria.com\/?page_id=2955"},"modified":"2022-11-21T18:06:12","modified_gmt":"2022-11-22T00:06:12","slug":"politica-de-envio","status":"publish","type":"page","link":"https:\/\/maromaria.com\/?page_id=2955","title":{"rendered":"Pol\u00edtica de env\u00edo"},"content":{"rendered":"<p><span style=\"font-weight: 400;\">Al realizar tu pedido mediante nuestra p\u00e1gina web, se te generar\u00e1 un n\u00famero de pedido, y nos pondremos en contacto contigo v\u00eda whatsapp o correo electr\u00f3nico, d\u00e1ndote a conocer los detalles de tu pedido y entrega.<\/span><\/p>\n<p>&nbsp;<\/p>\n<p><span style=\"font-weight: 400;\">Los pedidos y entregas se har\u00e1n en todo M\u00e9xico, calculando seg\u00fan la ubicaci\u00f3n el costo del env\u00edo.<\/span><\/p>\n<p>&nbsp;<\/p>\n<p><span style=\"font-weight: 400;\">Los costos tanto de env\u00edo y productos ser\u00e1n realizados por efectivo, transferencias o pagos con tarjeta.<\/span><\/p>\n<p><span style=\"font-weight: 400;\">*Si tu pedido es realizado por nuestra p\u00e1gina web, el pago tendr\u00e1 que quedar realizado al momento de hacer el pedido, para as\u00ed comenzar con el proceso de entrega.<\/span><\/p>\n<p><span style=\"font-weight: 400;\">*Los pagos en efectivo solo ser\u00e1n v\u00e1lidos si usted se encuentra en Guadalajara, Zapopan, Tlaquepaque o Tonal\u00e1.<\/span><\/p>\n<p><span style=\"font-weight: 400;\">*Los pagos con tarjetas o transferencias bancarias ser\u00e1n v\u00e1lidas para pagos en todo M\u00e9xico\u00a0<\/span><\/p>\n<p><span style=\"font-weight: 400;\">*Si tu pago es con transferencia y vives en Tonal\u00e1, Tlaquepaque, Guadalajara o Zapopan, tendr\u00e1s que realizar el pago m\u00e1s tardar un d\u00eda antes de la fecha de entrega.<\/span><\/p>\n<p>&nbsp;<\/p>\n<p><span style=\"font-weight: 400;\">Las entregas de productos se har\u00e1n en un lapso de 3 a 10 d\u00edas h\u00e1biles en todo M\u00e9xico, dependiendo tu ubicaci\u00f3n.<\/span><\/p>\n<p>&nbsp;<\/p>\n<p><span style=\"font-weight: 400;\">Tus pedidos ser\u00e1n entregados por nosotros sin utilizar una paqueter\u00eda ajena, dentro de los municipios de Tonal\u00e1, Tlaquepaque, Guadalajara o Zapopan.<\/span><\/p>\n<p>&nbsp;<\/p>\n<p><span style=\"font-weight: 400;\">En el resto de M\u00e9xico utilizaremos las paqueterias m\u00e1s confiables, asegurando la entrega.\u00a0<\/span><\/p>\n<p>&nbsp;<\/p>\n<p><span style=\"font-weight: 400;\">Toma en cuenta que una vez realizado el pedido y se haya generado tu n\u00famero de pedido, podr\u00e1 ser cancelado, si as\u00ed lo deseas, en un lapso de 24 horas antes de tu fecha de entrega, siempre y cuando vivas en Tonal\u00e1, Tlaquepaque, Guadalajara o Zapopan, pasando este tiempo no ser\u00e1 posible hacer la cancelaci\u00f3n.<\/span><\/p>\n<p>&nbsp;<\/p>\n<p><span style=\"font-weight: 400;\">Para el resto del Pa\u00eds(M\u00e9xico), ser\u00e1 posible realizar una cancelaci\u00f3n dentro de las primeras 24 hrs despu\u00e9s de haber realizado tu pedido, pasado este tiempo, no no ser\u00e1 posible realizar la cancelaci\u00f3n.<\/span><\/p>\n<p>&nbsp;<\/p>\n<p><span style=\"font-weight: 400;\">Si tu pago fue hecho con transferencia o tarjeta y fue cancelado tu pedido, tu reembolso se realizar\u00e1 de 2 a 7 d\u00edas h\u00e1biles.\u00a0<\/span><\/p>\n<p>&nbsp;<\/p>\n<p><span style=\"font-weight: 400;\">Todos los env\u00edos ser\u00e1n realizados con todas las medidas de higiene y protecci\u00f3n asegurando una entrega segura.<\/span><\/p>\n","protected":false},"excerpt":{"rendered":"<p>Al realizar tu pedido mediante nuestra p\u00e1gina web, se te generar\u00e1 un n\u00famero de pedido,&hellip;<\/p>\n","protected":false},"author":1,"featured_media":0,"parent":0,"menu_order":0,"comment_status":"closed","ping_status":"closed","template":"","meta":{"om_disable_all_campaigns":false,"_monsterinsights_skip_tracking":false,"_monsterinsights_sitenote_active":false,"_monsterinsights_sitenote_note":"","_monsterinsights_sitenote_category":0,"footnotes":""},"class_list":["post-2955","page","type-page","status-publish","hentry"],"aioseo_notices":[],"jetpack_sharing_enabled":true,"_links":{"self":[{"href":"https:\/\/maromaria.com\/index.php?rest_route=\/wp\/v2\/pages\/2955","targetHints":{"allow":["GET"]}}],"collection":[{"href":"https:\/\/maromaria.com\/index.php?rest_route=\/wp\/v2\/pages"}],"about":[{"href":"https:\/\/maromaria.com\/index.php?rest_route=\/wp\/v2\/types\/page"}],"author":[{"embeddable":true,"href":"https:\/\/maromaria.com\/index.php?rest_route=\/wp\/v2\/users\/1"}],"replies":[{"embeddable":true,"href":"https:\/\/maromaria.com\/index.php?rest_route=%2Fwp%2Fv2%2Fcomments&post=2955"}],"version-history":[{"count":1,"href":"https:\/\/maromaria.com\/index.php?rest_route=\/wp\/v2\/pages\/2955\/revisions"}],"predecessor-version":[{"id":2957,"href":"https:\/\/maromaria.com\/index.php?rest_route=\/wp\/v2\/pages\/2955\/revisions\/2957"}],"wp:attachment":[{"href":"https:\/\/maromaria.com\/index.php?rest_route=%2Fwp%2Fv2%2Fmedia&parent=2955"}],"curies":[{"name":"wp","href":"https:\/\/api.w.org\/{rel}","templated":true}]}}